{"id":30,"date":"2026-05-01T14:28:23","date_gmt":"2026-05-01T12:28:23","guid":{"rendered":"https:\/\/bocu.ro\/?page_id=30"},"modified":"2026-05-01T17:04:44","modified_gmt":"2026-05-01T15:04:44","slug":"contact","status":"publish","type":"page","link":"https:\/\/bocu.ro\/?page_id=30","title":{"rendered":"Contact"},"content":{"rendered":"<div class=\"content-wrap\">\n<div id=\"primary\" class=\"content-area\">\n<p>&nbsp;<\/p>\n<div class=\"content-inner\">\n<div class=\"container\">\n<div class=\"row\">\n<div class=\"col-md-12\">\n<div class=\"content-page\">\n<div class=\"page-content-area\">\n<div class=\"entry-content\">\n<p>Laboratorul grupului de cercetare HPCC, totodat\u0103 sediul s\u0103u principal, este g\u0103zduit la\u00a0<strong>Institutul de Cercetare-Dezvoltare al Universit\u0103\u021bii Transilvania din Bra\u0219ov<\/strong>, \u00een sala\u00a0<strong>L51<\/strong>.<\/p>\n<p>Adresa este urm\u0103toarea:\u00a0<strong>Strada Institutului Nr. 10, Bra\u0219ov, Rom\u00e2nia<\/strong>.<\/p>\n<p>Coordonator: <strong>Profesor Dr. Habil. R\u0103zvan Bocu<\/strong>. (<em><strong>Conduc\u0103tor de doctorat \u00een domeniul Informatic\u0103<\/strong><\/em>)<\/p>\n<p>Adresa email:\u00a0<strong>razvan.bocu@unitbv.ro<\/strong>.<\/p>\n<\/div>\n<footer class=\"entry-footer\">\n<div class=\"container\">\n<div class=\"row\"><\/div>\n<\/div>\n<\/footer>\n<\/div>\n<\/div>\n<\/div>\n<\/div>\n<\/div>\n<\/div>\n<p>&nbsp;<\/p>\n<\/div>\n<\/div>\n<footer id=\"footer\" class=\"scholarsgate-footer\">\n<div class=\"container footer-widgets\"><\/div>\n<\/footer>\n","protected":false},"excerpt":{"rendered":"<p>&nbsp; Laboratorul grupului de cercetare HPCC, totodat\u0103 sediul s\u0103u principal, este g\u0103zduit la\u00a0Institutul de Cercetare-Dezvoltare al Universit\u0103\u021bii Transilvania din Bra\u0219ov, \u00een sala\u00a0L51. Adresa este urm\u0103toarea:\u00a0Strada Institutului Nr. 10, Bra\u0219ov, Rom\u00e2nia. Coordonator: Profesor Dr. Habil. R\u0103zvan Bocu. (Conduc\u0103tor de doctorat \u00een domeniul Informatic\u0103) Adresa email:\u00a0razvan.bocu@unitbv.ro. &nbsp;<\/p>\n","protected":false},"author":1,"featured_media":0,"parent":0,"menu_order":0,"comment_status":"closed","ping_status":"closed","template":"","meta":{"footnotes":""},"class_list":["post-30","page","type-page","status-publish","hentry"],"_links":{"self":[{"href":"https:\/\/bocu.ro\/index.php?rest_route=\/wp\/v2\/pages\/30","targetHints":{"allow":["GET"]}}],"collection":[{"href":"https:\/\/bocu.ro\/index.php?rest_route=\/wp\/v2\/pages"}],"about":[{"href":"https:\/\/bocu.ro\/index.php?rest_route=\/wp\/v2\/types\/page"}],"author":[{"embeddable":true,"href":"https:\/\/bocu.ro\/index.php?rest_route=\/wp\/v2\/users\/1"}],"replies":[{"embeddable":true,"href":"https:\/\/bocu.ro\/index.php?rest_route=%2Fwp%2Fv2%2Fcomments&post=30"}],"version-history":[{"count":6,"href":"https:\/\/bocu.ro\/index.php?rest_route=\/wp\/v2\/pages\/30\/revisions"}],"predecessor-version":[{"id":61,"href":"https:\/\/bocu.ro\/index.php?rest_route=\/wp\/v2\/pages\/30\/revisions\/61"}],"wp:attachment":[{"href":"https:\/\/bocu.ro\/index.php?rest_route=%2Fwp%2Fv2%2Fmedia&parent=30"}],"curies":[{"name":"wp","href":"https:\/\/api.w.org\/{rel}","templated":true}]}}